{"id":2894,"date":"2023-10-28T13:02:43","date_gmt":"2023-10-28T13:02:43","guid":{"rendered":"https:\/\/alanyadailytours.com\/all_helpie_faq_page\/"},"modified":"2026-04-08T02:26:03","modified_gmt":"2026-04-07T23:26:03","slug":"all_helpie_faq_page","status":"publish","type":"page","link":"https:\/\/alanyadailytours.com\/de\/haufig-gestellte-fragen\/","title":{"rendered":"H\u00e4ufig gestellte Fragen"},"content":{"rendered":"<p><\/p>\n<p class=\"ea-header\"><span style=\"color: #ff0000;\"><strong><a style=\"color: #ff0000;\" data-sptoggle=\"spcollapse\" data-sptarget=\"#collapse23860\" aria-expanded=\"true\"><span style=\"vertical-align: inherit;\">Wann werde ich die Zahlung leisten?<\/span><\/a><\/strong><\/span><\/p>\n<div class=\"ea-body\"><span style=\"vertical-align: inherit;\">Sie k\u00f6nnen bei Ihrer Abholung bar bezahlen. Wir akzeptieren keine Kreditkarten. (F\u00fcr Bootsmieten und Delfinschwimmtouren ist eine Anzahlung von 100 Euro erforderlich.)<\/span><\/div>\n<div><\/div>\n<div><span style=\"color: #ff0000;\"><strong><span style=\"vertical-align: inherit;\">Holen Sie uns zu Beginn der Tour von unserem Hotel ab und bringen Sie uns am Ende zu unserem Hotel zur\u00fcck?<\/span><\/strong><\/span><\/div>\n<div><\/div>\n<div><span style=\"vertical-align: inherit;\">Ja, wir holen Sie zu Beginn der Tour von Ihrem Hotel ab und bringen Sie am Ende der Tour wieder dorthin zur\u00fcck. Gem\u00e4\u00df den Hotelregeln warten Sie zur Abholzeit (siehe Ticket) neben dem Sicherheitstor des Hotels (nicht vor der Lobby).<\/span><\/div>\n<div><\/div>\n<div><span style=\"color: #ff0000;\"><strong><span style=\"vertical-align: inherit;\">Was ist im Reisepreis enthalten und wie kann ich auf das Reiseprogramm zugreifen?<\/span><\/strong><\/span><\/div>\n<div><\/div>\n<div><span style=\"color: #000000;\"><span style=\"vertical-align: inherit;\">Wenn Sie auf die Touren klicken, werden Preise, Details, Leistungen und das Tourprogramm angezeigt. Sie m\u00fcssen nicht erneut nachfragen.<\/span><\/span><\/div>\n<div><\/div>\n<div><span style=\"color: #ff0000;\"><strong><span style=\"vertical-align: inherit;\">Mit welchen W\u00e4hrungen kann ich bezahlen?<\/span><\/strong><\/span><\/div>\n<div><\/div>\n<div><span style=\"vertical-align: inherit;\">Wir akzeptieren Euro, Dollar, Lira und Pfund. Wir berechnen die Betr\u00e4ge am Tag der Tour bei Google. Wir akzeptieren nur Bargeld. Kreditkarten sind nicht g\u00fcltig.<\/span><\/div>\n<div>\n<p><span style=\"color: #ff0000;\"><strong><span style=\"vertical-align: inherit;\">Wie k\u00f6nnen wir die Transferzeit der Tour von unserem Standort aus erfahren?<\/span><\/strong><\/span><\/p>\n<p><span style=\"vertical-align: inherit;\">Nach Ihrer Reservierung informieren wir Sie \u00fcber Ihre Transferzeit und organisieren Ihren kostenlosen Transfer. Am Ende der Tour bringen wir Sie zur\u00fcck zu Ihrem Hotel.<\/span><\/p>\n<\/div>\n<div>\n<p class=\"ea-header\"><span style=\"color: #ff0000;\"><strong><a style=\"color: #ff0000;\" data-sptoggle=\"spcollapse\" data-sptarget=\"#collapse23863\" aria-expanded=\"true\"><span style=\"vertical-align: inherit;\">Wie kann ich meine Reservierung stornieren oder \u00e4ndern?<\/span><\/a><\/strong><\/span><\/p>\n<div id=\"collapse23863\" class=\"sp-collapse spcollapse show\" data-parent=\"#sp-ea-2386\">\n<div class=\"ea-body\"><span style=\"vertical-align: inherit;\">Sie k\u00f6nnen bis zu 12 Stunden vor Tourbeginn stornieren. Bei kurzfristigen Stornierungen m\u00fcssen Sie 50 % des Tourpreises bezahlen, da der Bus bereits einen Sitzplatz f\u00fcr Sie reserviert und vorbereitet hat. Krankheit und Unf\u00e4higkeit, aufzuwachen, werden nicht akzeptiert.<\/span><\/div>\n<\/div>\n<\/div>\n<p><span style=\"color: #ff0000;\"><strong><span style=\"vertical-align: inherit;\">Wie kann ich meine Reservierung vornehmen?<\/span><\/strong><\/span><\/p>\n<p><span style=\"vertical-align: inherit;\">Wenn Sie auf unserer Website auf die gew\u00fcnschte Tour klicken, gelangen Sie rechts zum Reservierungsformular. Hier k\u00f6nnen Sie die gew\u00fcnschten Informationen eingeben und wir werden Sie kontaktieren. Sie k\u00f6nnen auch in unseren B\u00fcros reservieren und an der gew\u00fcnschten Tour teilnehmen.<\/span><\/p>\n<p><span style=\"color: #ff0000;\"><strong><span style=\"vertical-align: inherit;\">Wenn wir eine private Yacht mieten, sind dann andere Kunden auf der Yacht?<\/span><\/strong><\/span><\/p>\n<p><span style=\"vertical-align: inherit;\">Bei Yachtcharter und privaten Yachttouren ist au\u00dfer Ihnen und der Yachtcrew niemand da.<\/span><\/p>\n<p><span style=\"color: #ff0000;\"><strong><span style=\"vertical-align: inherit;\">Wie erfahre ich nach der Reservierung, wo ich abgeholt werde?<\/span><\/strong><\/span><\/p>\n<p><span style=\"vertical-align: inherit;\">Nach Ihrer Reservierung m\u00fcssen Sie uns lediglich kontaktieren und uns mitteilen, wo Sie abgeholt werden m\u00f6chten.<\/span><\/p>\n<p><span style=\"color: #ff0000;\"><strong><span style=\"vertical-align: inherit;\">Muss ich meine Reservierung telefonisch noch einmal best\u00e4tigen?<\/span><\/strong><\/span><\/p>\n<p><span style=\"vertical-align: inherit;\">Eine zus\u00e4tzliche Best\u00e4tigung ist nicht erforderlich, bei Fragen erreichen Sie uns jedoch rund um die Uhr unter unseren registrierten Nummern.<\/span><\/p>\n<p><span style=\"color: #ff0000;\"><strong><span style=\"vertical-align: inherit;\">Aus welchen Regionen kann ich an der Tour teilnehmen?<\/span><\/strong><\/span><\/p>\n<p><span style=\"vertical-align: inherit;\">Wir bieten unseren Kunden Transferm\u00f6glichkeiten aus allen Regionen der T\u00fcrkei und Sie k\u00f6nnen an Touren aus diesen Regionen teilnehmen.<\/span><\/p>\n<p><span style=\"color: #ff0000;\"><strong><span style=\"vertical-align: inherit;\">Ich wohne nicht im Hotel, kann ich trotzdem an den Touren teilnehmen?<\/span><\/strong><\/span><\/p>\n<p><span style=\"vertical-align: inherit;\">Sie, unsere gesch\u00e4tzten G\u00e4ste, m\u00fcssen nicht in Hotels \u00fcbernachten, um an den Touren teilzunehmen. Sie m\u00fcssen uns lediglich Ihre Unterkunft beschreiben, damit wir Sie zur Tour bringen k\u00f6nnen.<\/span><\/p>\n<p><span style=\"color: #ff0000;\"><strong><span style=\"vertical-align: inherit;\">Muss ich meine Zimmernummer angeben?<\/span><\/strong><\/span><\/p>\n<p><span style=\"vertical-align: inherit;\">Eine Verpflichtung hierzu besteht nicht, sollten wir Sie jedoch an dem Ihnen mitgeteilten Ort nicht antreffen, k\u00f6nnen wir Sie problemlos \u00fcber Ihre Zimmernummer erreichen.<\/span><\/p>\n<p><span style=\"color: #ff0000;\"><strong><span style=\"vertical-align: inherit;\">Wie erreichen Sie uns in den Hotels?<\/span><\/strong><\/span><\/p>\n<p><span style=\"vertical-align: inherit;\">Aufgrund des Zutrittsverbots in manchen Hotels weisen wir unsere Kunden darauf hin, dass sie vor der T\u00fcr warten sollen. Sollten wir Sie dort jedoch nicht antreffen, k\u00f6nnen wir Sie problemlos durch eine Durchsage oder einen Anruf an der Rezeption auf Ihr Zimmer erreichen.<\/span><\/p>\n<div class=\"ea-body\">\n<p class=\"ea-header\"><span style=\"color: #ff0000;\"><strong><a style=\"color: #ff0000;\" data-sptoggle=\"spcollapse\" data-sptarget=\"#collapse23862\" aria-expanded=\"true\"><span class=\"\"><span style=\"vertical-align: inherit;\">M\u00fcssen wir unseren Reisepass und zus\u00e4tzliches Geld mitbringen?<\/span><\/span><\/a><\/strong><\/span><\/p>\n<div id=\"collapse23862\" class=\"sp-collapse spcollapse show\" data-parent=\"#sp-ea-2386\">\n<div class=\"ea-body\">\n<p><span style=\"vertical-align: inherit;\">Denken Sie daran, Ihr Passfoto dabei zu haben und wenn Sie zus\u00e4tzliche Ausgaben haben, k\u00f6nnen Sie etwas Bargeld mitnehmen.<\/span><\/p>\n<div id=\"collapse23863\" class=\"sp-collapse spcollapse show\" data-parent=\"#sp-ea-2386\">\n<div class=\"ea-body\">\n<p class=\"ea-header\"><span style=\"color: #ff0000;\"><strong><a style=\"color: #ff0000;\" data-sptoggle=\"spcollapse\" data-sptarget=\"#collapse23864\" aria-expanded=\"true\"><span style=\"vertical-align: inherit;\">Organisieren Sie private Touren f\u00fcr Gruppen?<\/span><\/a><\/strong><\/span><\/p>\n<div id=\"collapse23864\" class=\"sp-collapse spcollapse show\" data-parent=\"#sp-ea-2386\">\n<div class=\"ea-body\"><span style=\"vertical-align: inherit;\">Ja, wir organisieren gerne eine private Tour f\u00fcr Sie. Wir erstellen ein Tourprogramm, indem wir Route und Uhrzeit der Tour, an der Sie mit Ihrer Gruppe teilnehmen, nach Ihren W\u00fcnschen festlegen.<\/span><\/div>\n<div><\/div>\n<\/div>\n<\/div>\n<\/div>\n<\/div>\n<\/div>\n<\/div>\n<p><span style=\"vertical-align: inherit;\">Liebe G\u00e4ste, wir haben die meisten Ihrer Fragen auf dieser Seite zusammengefasst. Sollten Sie weitere Fragen haben, rufen Sie uns gerne an.<\/span><\/p>","protected":false},"excerpt":{"rendered":"<p>Wann werde ich die Zahlung leisten? Sie k\u00f6nnen bei Ihrer Abholung bar bezahlen. Wir akzeptieren keine Kreditkarten. (F\u00fcr Bootsmieten und Delfinschwimmtouren ist eine Anzahlung von 100 Euro erforderlich.) Holen Sie uns zu Beginn der Tour von unserem Hotel ab und bringen Sie uns am Ende zu unserem Hotel zur\u00fcck? Ja, wir holen Sie zu Beginn [&hellip;]<\/p>\n","protected":false},"author":1,"featured_media":8869,"parent":0,"menu_order":0,"comment_status":"closed","ping_status":"closed","template":"","meta":{"footnotes":""},"class_list":["post-2894","page","type-page","status-publish","has-post-thumbnail","hentry"],"_links":{"self":[{"href":"https:\/\/alanyadailytours.com\/de\/wp-json\/wp\/v2\/pages\/2894","targetHints":{"allow":["GET"]}}],"collection":[{"href":"https:\/\/alanyadailytours.com\/de\/wp-json\/wp\/v2\/pages"}],"about":[{"href":"https:\/\/alanyadailytours.com\/de\/wp-json\/wp\/v2\/types\/page"}],"author":[{"embeddable":true,"href":"https:\/\/alanyadailytours.com\/de\/wp-json\/wp\/v2\/users\/1"}],"replies":[{"embeddable":true,"href":"https:\/\/alanyadailytours.com\/de\/wp-json\/wp\/v2\/comments?post=2894"}],"version-history":[{"count":0,"href":"https:\/\/alanyadailytours.com\/de\/wp-json\/wp\/v2\/pages\/2894\/revisions"}],"wp:featuredmedia":[{"embeddable":true,"href":"https:\/\/alanyadailytours.com\/de\/wp-json\/wp\/v2\/media\/8869"}],"wp:attachment":[{"href":"https:\/\/alanyadailytours.com\/de\/wp-json\/wp\/v2\/media?parent=2894"}],"curies":[{"name":"wp","href":"https:\/\/api.w.org\/{rel}","templated":true}]}}